{"id":1492,"date":"2024-10-08T19:25:26","date_gmt":"2024-10-08T16:25:26","guid":{"rendered":"https:\/\/lemagrup.com.tr\/?page_id=1492"},"modified":"2024-10-08T19:46:07","modified_gmt":"2024-10-08T16:46:07","slug":"yasal-uyari","status":"publish","type":"page","link":"https:\/\/lemagrup.com.tr\/index.php\/yasal-uyari\/","title":{"rendered":"YASAL UYARI"},"content":{"rendered":"\n<p><strong>\u015eirketimiz LEMA GRUP B\u0130L\u0130\u015e\u0130M TELEKOM\u00dcN\u0130KASYON LTD.\u015eT\u0130, B\u0130R REKLAM SA\u011eLAYICISIDIR.<\/strong><\/p>\n\n\n\n<p><strong>\u015e\u0130RKET\u0130M\u0130Z GOOGLE REKLAM H\u0130ZMET\u0130 VERMEK&#8217;TE OLUP H\u0130ZMET VERMEKTED\u0130R.<\/strong><\/p>\n\n\n\n<p><strong>GOOGLE ADS HESAPLARININ \u0130\u00c7\u0130NDE BULUNAN YAYINLANAN REKLAMLAR \u0130LE \u0130LG\u0130L\u0130 OLARAK YASAL OLARAK H\u0130\u00c7 B\u0130R SORUMLULU\u011eUMUZ BULUNMAMAKTADIR. T\u00dcM SORUMLULUK REKLAM VEREN WEB S\u0130TE SAH\u0130B\u0130 (M\u00dc\u015eTER\u0130YE A\u0130TT\u0130R.) \u0130\u00c7ER\u0130K TAMAMEN M\u00dc\u015eTER\u0130 SORUMLULU\u011eUNDADIR. H\u0130ZMET SATIN ALANLAR BU KAPSAMDA BUNU KABUL VE BEYAN EDER.  LEMA GRUP B\u0130L\u0130\u015e\u0130M SADECE REKLAM PANEL\u0130 \u0130MKANI SUNAR, \u0130\u00c7ER\u0130KLERDEN KES\u0130NL\u0130KLE SORUMLU TUTULAMAZ.<\/strong><\/p>\n\n\n\n<p><strong>LEMA GRUP B\u0130L\u0130\u015e\u0130M L\u0130M\u0130TED.\u015e\u0130RKET\u0130 , GOOGLE ADS HESAP \u00dcRETEREK SATI\u015eINIDA YAPMAKTADIR. BU KAPSAMDA , ADS HESABI DEVR\u0130 SONRASI , T\u00dcM REKLAM VE \u0130\u00c7ER\u0130K , \u00d6DEME T\u00dcM \u0130\u015eLEMLERDEN SORUMLU OLAN HESABI DEVRALANDIR. \u015e\u0130RKET\u0130M\u0130Z DEVRED\u0130LEN HESAPLARLA \u0130LG\u0130L\u0130 OLARAK, SORUMLULUK KABUL ETMEMEKTED\u0130R.<\/strong><\/p>\n\n\n\n<p><strong>ADS HESABI DEVRALAN VEYAHUT GOOGLE REKLAM VEREN M\u00dc\u015eTER\u0130LER\u0130M\u0130Z , BU YASAL GEREK\u00c7ELER\u0130 KAYITSIZ \u015eARTSIZ KABUL EDER.  (01.01.2015)<\/strong><\/p>\n\n\n\n<p><\/p>\n","protected":false},"excerpt":{"rendered":"<p>\u015eirketimiz LEMA GRUP B\u0130L\u0130\u015e\u0130M TELEKOM\u00dcN\u0130KASYON LTD.\u015eT\u0130, B\u0130R REKLAM SA\u011eLAYICISIDIR. \u015e\u0130RKET\u0130M\u0130Z GOOGLE REKLAM H\u0130ZMET\u0130 VERMEK&#8217;TE OLUP H\u0130ZMET VERMEKTED\u0130R. GOOGLE ADS HESAPLARININ \u0130\u00c7\u0130NDE BULUNAN YAYINLANAN REKLAMLAR \u0130LE \u0130LG\u0130L\u0130 OLARAK YASAL OLARAK H\u0130\u00c7 B\u0130R SORUMLULU\u011eUMUZ BULUNMAMAKTADIR. T\u00dcM SORUMLULUK REKLAM VEREN WEB S\u0130TE SAH\u0130B\u0130 (M\u00dc\u015eTER\u0130YE A\u0130TT\u0130R.) \u0130\u00c7ER\u0130K TAMAMEN M\u00dc\u015eTER\u0130 SORUMLULU\u011eUNDADIR. H\u0130ZMET SATIN ALANLAR BU KAPSAMDA BUNU KABUL VE BEYAN[&hellip;]<\/p>\n","protected":false},"author":1,"featured_media":0,"parent":0,"menu_order":0,"comment_status":"closed","ping_status":"closed","template":"elementor_header_footer","meta":{"zakra_general_container_width":0,"zakra_general_content_width":0,"zakra_general_sidebar_width":0,"zakra_sticky_header":"customizer","zakra_header_main_area":true,"zakra_site_logo_width":0,"zakra_header_top_enabled":"customizer","zakra_header_top_style":"customizer","zakra_primary_menu_item_style":"customizer","zakra_page_header_text_color":"","zakra_page_header_layout":"customizer","zakra_page_title_bg":"","zakra_footer_widgets_bg_image":0,"zakra_page_title_bg_repeat":"customizer","zakra_page_title_bg_position":"customizer","zakra_page_title_bg_size":"customizer","zakra_page_title_bg_attachment":"customizer","zakra_breadcrumbs_enabled":"customizer","zakra_breadcrumbs_text_color":"","zakra_breadcrumbs_separator_color":"","zakra_breadcrumbs_link_color":"","zakra_breadcrumbs_link_hover_color":"","zakra_page_title_bg_image":0,"zakra_footer_widgets_enabled":"customizer","zakra_footer_column_layout_1_style":"customizer","zakra_footer_widgets_bg":"","zakra_footer_widgets_bg_repeat":"customizer","zakra_footer_widgets_bg_position":"customizer","zakra_footer_widgets_bg_size":"customizer","zakra_footer_widgets_bg_attachment":"customizer","zakra_footer_bar_enabled":"customizer","zakra_footer_bar_style":"customizer","zakra_sidebar_layout":"customizer","zakra_remove_content_margin":false,"zakra_sidebar":"customizer","zakra_transparent_header":"customizer","zakra_logo":0,"zakra_main_header_style":"default","zakra_menu_item_color":"","zakra_menu_item_hover_color":"","zakra_menu_item_active_color":"","zakra_menu_active_style":"zakra_menu_active_style","zakra_page_header":true,"om_disable_all_campaigns":false,"_monsterinsights_skip_tracking":false,"_monsterinsights_sitenote_active":false,"_monsterinsights_sitenote_note":"","_monsterinsights_sitenote_category":0,"_joinchat":[],"footnotes":""},"class_list":["post-1492","page","type-page","status-publish","hentry"],"aioseo_notices":[],"_links":{"self":[{"href":"https:\/\/lemagrup.com.tr\/index.php\/wp-json\/wp\/v2\/pages\/1492","targetHints":{"allow":["GET"]}}],"collection":[{"href":"https:\/\/lemagrup.com.tr\/index.php\/wp-json\/wp\/v2\/pages"}],"about":[{"href":"https:\/\/lemagrup.com.tr\/index.php\/wp-json\/wp\/v2\/types\/page"}],"author":[{"embeddable":true,"href":"https:\/\/lemagrup.com.tr\/index.php\/wp-json\/wp\/v2\/users\/1"}],"replies":[{"embeddable":true,"href":"https:\/\/lemagrup.com.tr\/index.php\/wp-json\/wp\/v2\/comments?post=1492"}],"version-history":[{"count":2,"href":"https:\/\/lemagrup.com.tr\/index.php\/wp-json\/wp\/v2\/pages\/1492\/revisions"}],"predecessor-version":[{"id":1495,"href":"https:\/\/lemagrup.com.tr\/index.php\/wp-json\/wp\/v2\/pages\/1492\/revisions\/1495"}],"wp:attachment":[{"href":"https:\/\/lemagrup.com.tr\/index.php\/wp-json\/wp\/v2\/media?parent=1492"}],"curies":[{"name":"wp","href":"https:\/\/api.w.org\/{rel}","templated":true}]}}